{"id":2,"date":"2026-01-22T18:04:34","date_gmt":"2026-01-22T17:04:34","guid":{"rendered":"https:\/\/agencehit.fr\/?page_id=2"},"modified":"2026-01-26T23:26:49","modified_gmt":"2026-01-26T22:26:49","slug":"2-2","status":"publish","type":"page","link":"https:\/\/agencehit.fr\/","title":{"rendered":""},"content":{"rendered":"\t\t<div data-elementor-type=\"wp-page\" data-elementor-id=\"2\" class=\"elementor elementor-2\">\n\t\t\t\t<div class=\"elementor-element elementor-element-d2c1700 e-con-full e-flex e-con e-parent\" data-id=\"d2c1700\" data-element_type=\"container\">\n\t\t<div class=\"elementor-element elementor-element-0b917cc e-flex e-con-boxed e-con e-child\" data-id=\"0b917cc\" data-element_type=\"container\">\n\t\t\t\t\t<div class=\"e-con-inner\">\n\t\t\t\t<div class=\"elementor-element elementor-element-992df1d elementor-widget elementor-widget-heading\" data-id=\"992df1d\" data-element_type=\"widget\" data-widget_type=\"heading.default\">\n\t\t\t\t\t<h2 class=\"elementor-heading-title elementor-size-default\">Optimisez votre taux d'occupation, suivez vos prix et augmentez vos marges.<\/h2>\t\t\t\t<\/div>\n\t\t\t\t<div class=\"elementor-element elementor-element-cad8bba elementor-widget elementor-widget-text-editor\" data-id=\"cad8bba\" data-element_type=\"widget\" data-widget_type=\"text-editor.default\">\n\t\t\t\t\t\t\t\t\t<p>Notre \u00e9quipe vous accompagne sur votre challenge quotidien gr\u00e2ce \u00e0 un mix innovant de la technologie, de l&rsquo;expertise du marketing et la connaissance du monde de l&rsquo;h\u00f4tellerie.<\/p>\t\t\t\t\t\t\t\t<\/div>\n\t\t\t\t\t<\/div>\n\t\t\t\t<\/div>\n\t\t\t\t<div class=\"elementor-element elementor-element-4729f6b elementor-widget elementor-widget-image\" data-id=\"4729f6b\" data-element_type=\"widget\" data-widget_type=\"image.default\">\n\t\t\t\t\t\t\t\t\t\t\t\t\t\t\t<img fetchpriority=\"high\" decoding=\"async\" width=\"940\" height=\"788\" src=\"https:\/\/agencehit.fr\/app\/uploads\/2026\/01\/Titre-Publication-Facebook.png\" class=\"attachment-large size-large wp-image-1263\" alt=\"\" srcset=\"https:\/\/agencehit.fr\/app\/uploads\/2026\/01\/Titre-Publication-Facebook.png 940w, https:\/\/agencehit.fr\/app\/uploads\/2026\/01\/Titre-Publication-Facebook-300x251.png 300w, https:\/\/agencehit.fr\/app\/uploads\/2026\/01\/Titre-Publication-Facebook-768x644.png 768w\" sizes=\"(max-width: 940px) 100vw, 940px\" \/>\t\t\t\t\t\t\t\t\t\t\t\t\t\t\t<\/div>\n\t\t\t\t<div class=\"elementor-element elementor-element-0d28489 elementor-widget elementor-widget-text-editor\" data-id=\"0d28489\" data-element_type=\"widget\" data-widget_type=\"text-editor.default\">\n\t\t\t\t\t\t\t\t\t<h1><strong style=\"color: inherit; font-family: inherit; font-size: 1.75rem;\">Un outil unique pour suivre vos r\u00e9servations et mieux g\u00e9rer vos prix.<\/strong><\/h1>\t\t\t\t\t\t\t\t<\/div>\n\t\t\t\t<div class=\"elementor-element elementor-element-f0eaf78 elementor-widget elementor-widget-text-editor\" data-id=\"f0eaf78\" data-element_type=\"widget\" data-widget_type=\"text-editor.default\">\n\t\t\t\t\t\t\t\t\t<p>Gr\u00e2ce \u00e0 une connexion simple \u00e0 votre outil de gestion PMS, nous analysons toutes les donn\u00e9es pass\u00e9es pour <strong>faciliter le calcul de vos pr\u00e9visions<\/strong> et la mont\u00e9e en charge de la saison \u00e0 venir. Notre outil met ensuite l&rsquo;Intelligence Artificielle \u00e0 votre service pour vous faciliter le suivi des r\u00e9servations.<\/p><p>Notre outil <strong>fonctionne avec tous les outils logiciels<\/strong> que vous poss\u00e9dez <strong>et les plateformes web<\/strong> avec lesquels vous travaillez d\u00e9j\u00e0.<\/p><p>Chaque jour le logiciel vous permet de<strong> savoir o\u00f9 vous en \u00eates et vous alerte<\/strong> sur les actions \u00e0 mettre en \u0153uvre.\u00a0<br \/>Vous \u00eates pr\u00e9venu si un logement a du mal \u00e0 trouver preneur, l&rsquo;outil vous alerte assez t\u00f4t pour que vous puissiez ajuster le prix ou mettre en place une promotion. Si au contraire un logement a\u00a0 \u00e9t\u00e9 lou\u00e9 tr\u00e8s rapidement, montez les prix !<\/p><p>Notre outil vous aide au quotidien \u00e0 <strong>optimiser votre remplissage et vos taux de marge<\/strong>.<\/p>\t\t\t\t\t\t\t\t<\/div>\n\t\t\t\t<div class=\"elementor-element elementor-element-343d214 elementor-button-success elementor-align-center elementor-widget elementor-widget-button\" data-id=\"343d214\" data-element_type=\"widget\" data-widget_type=\"button.default\">\n\t\t\t\t\t\t\t\t\t\t<a class=\"elementor-button elementor-button-link elementor-size-sm\" href=\"https:\/\/147645267.hs-sites-eu1.com\/contact\">\n\t\t\t\t\t\t<span class=\"elementor-button-content-wrapper\">\n\t\t\t\t\t\t\t\t\t<span class=\"elementor-button-text\">En savoir plus<\/span>\n\t\t\t\t\t<\/span>\n\t\t\t\t\t<\/a>\n\t\t\t\t\t\t\t\t<\/div>\n\t\t\t\t<\/div>\n\t\t<div class=\"elementor-element elementor-element-b39dd46 e-flex e-con-boxed e-con e-parent\" data-id=\"b39dd46\" data-element_type=\"container\">\n\t\t\t\t\t<div class=\"e-con-inner\">\n\t\t\t\t<div class=\"elementor-element elementor-element-8c7040c elementor-widget elementor-widget-image\" data-id=\"8c7040c\" data-element_type=\"widget\" data-widget_type=\"image.default\">\n\t\t\t\t\t\t\t\t\t\t\t\t\t\t\t<img decoding=\"async\" width=\"940\" height=\"788\" src=\"https:\/\/agencehit.fr\/app\/uploads\/2026\/01\/Visuel-site-Services.jpg\" class=\"attachment-large size-large wp-image-1269\" alt=\"\" srcset=\"https:\/\/agencehit.fr\/app\/uploads\/2026\/01\/Visuel-site-Services.jpg 940w, https:\/\/agencehit.fr\/app\/uploads\/2026\/01\/Visuel-site-Services-300x251.jpg 300w, https:\/\/agencehit.fr\/app\/uploads\/2026\/01\/Visuel-site-Services-768x644.jpg 768w\" sizes=\"(max-width: 940px) 100vw, 940px\" \/>\t\t\t\t\t\t\t\t\t\t\t\t\t\t\t<\/div>\n\t\t\t\t<div class=\"elementor-element elementor-element-2e88844 elementor-widget elementor-widget-heading\" data-id=\"2e88844\" data-element_type=\"widget\" data-widget_type=\"heading.default\">\n\t\t\t\t\t<h2 class=\"elementor-heading-title elementor-size-default\">Un accompagnement sur mesure pour booster vos performances.<\/h2>\t\t\t\t<\/div>\n\t\t\t\t<div class=\"elementor-element elementor-element-0cd71c2 elementor-widget elementor-widget-text-editor\" data-id=\"0cd71c2\" data-element_type=\"widget\" data-widget_type=\"text-editor.default\">\n\t\t\t\t\t\t\t\t\t<p>Nous mettons en place un plan d&rsquo;accompagnement apr\u00e8s avoir visit\u00e9 votre \u00e9tablissement. Un premier audit sur place vous permet d&rsquo;acc\u00e9der \u00e0 <strong>des recommandations concr\u00e8tes<\/strong> et vous permettent d&rsquo;optimiser votre organisation.<\/p><p>Nous vous aidons \u00e0 choisir une strat\u00e9gie r\u00e9aliste qui vous permettra de vous concentrer sur votre c\u0153ur de m\u00e9tier.<\/p><p>Nous pouvons intervenir <strong>avec vous<\/strong> sur :\u00a0<\/p><ul><li>Votre strat\u00e9gie commerciale<\/li><li>Votre revenue management<\/li><li>Votre plan de communication<\/li><li>L&rsquo;optimisation de votre site web<\/li><li>La gestion de vos plateformes de r\u00e9servations (y compris les OTA)<\/li><li>La formation de vos \u00e9quipes<\/li><li>L&rsquo;organisation de vos services aux clients<\/li><li>Votre positionnement march\u00e9<\/li><li>L&rsquo;\u00e9tude de votre environnement concurrentiel<\/li><li>Et bien plus encore&#8230;<\/li><\/ul><p><strong>Un accompagnement unique sur le march\u00e9 !<\/strong><\/p><p>L&rsquo;\u00e9quipe HIT cumule les comp\u00e9tences et un outil fait maison pour r\u00e9pondre \u00e0 vos probl\u00e9matiques de revenus.<\/p>\t\t\t\t\t\t\t\t<\/div>\n\t\t\t\t<div class=\"elementor-element elementor-element-d0203c9 elementor-align-center elementor-widget elementor-widget-button\" data-id=\"d0203c9\" data-element_type=\"widget\" data-widget_type=\"button.default\">\n\t\t\t\t\t\t\t\t\t\t<a class=\"elementor-button elementor-button-link elementor-size-sm\" href=\"https:\/\/147645267.hs-sites-eu1.com\/contact\">\n\t\t\t\t\t\t<span class=\"elementor-button-content-wrapper\">\n\t\t\t\t\t\t\t\t\t<span class=\"elementor-button-text\">En savoir plus<\/span>\n\t\t\t\t\t<\/span>\n\t\t\t\t\t<\/a>\n\t\t\t\t\t\t\t\t<\/div>\n\t\t\t\t<div class=\"elementor-element elementor-element-3734faf elementor-widget elementor-widget-heading\" data-id=\"3734faf\" data-element_type=\"widget\" data-widget_type=\"heading.default\">\n\t\t\t\t\t<h2 class=\"elementor-heading-title elementor-size-default\">Ajoutez votre titre ici<\/h2>\t\t\t\t<\/div>\n\t\t\t\t<div class=\"elementor-element elementor-element-66a9c84 elementor-widget elementor-widget-heading\" data-id=\"66a9c84\" data-element_type=\"widget\" data-widget_type=\"heading.default\">\n\t\t\t\t\t<h2 class=\"elementor-heading-title elementor-size-default\">Qui sommes-nous ?<\/h2>\t\t\t\t<\/div>\n\t\t\t\t\t<\/div>\n\t\t\t\t<\/div>\n\t\t<div class=\"elementor-element elementor-element-9ff38f3 e-grid e-con-full e-con e-parent\" data-id=\"9ff38f3\" data-element_type=\"container\">\n\t\t\t\t<div class=\"elementor-element elementor-element-079bc01 elementor-widget elementor-widget-image\" data-id=\"079bc01\" data-element_type=\"widget\" data-widget_type=\"image.default\">\n\t\t\t\t\t\t\t\t\t\t\t\t\t\t\t<img decoding=\"async\" width=\"960\" height=\"960\" src=\"https:\/\/agencehit.fr\/app\/uploads\/2026\/01\/Alex-Noir-et-blanc.png\" class=\"attachment-large size-large wp-image-1279\" alt=\"\" srcset=\"https:\/\/agencehit.fr\/app\/uploads\/2026\/01\/Alex-Noir-et-blanc.png 1000w, https:\/\/agencehit.fr\/app\/uploads\/2026\/01\/Alex-Noir-et-blanc-300x300.png 300w, https:\/\/agencehit.fr\/app\/uploads\/2026\/01\/Alex-Noir-et-blanc-150x150.png 150w, https:\/\/agencehit.fr\/app\/uploads\/2026\/01\/Alex-Noir-et-blanc-768x768.png 768w\" sizes=\"(max-width: 960px) 100vw, 960px\" \/>\t\t\t\t\t\t\t\t\t\t\t\t\t\t\t<\/div>\n\t\t\t\t<div class=\"elementor-element elementor-element-5e5708b elementor-widget elementor-widget-image\" data-id=\"5e5708b\" data-element_type=\"widget\" data-widget_type=\"image.default\">\n\t\t\t\t\t\t\t\t\t\t\t\t\t\t\t<img loading=\"lazy\" decoding=\"async\" width=\"960\" height=\"960\" src=\"https:\/\/agencehit.fr\/app\/uploads\/2026\/01\/Ludo-Noir-et-blanc-1.png\" class=\"attachment-large size-large wp-image-1281\" alt=\"\" srcset=\"https:\/\/agencehit.fr\/app\/uploads\/2026\/01\/Ludo-Noir-et-blanc-1.png 1000w, https:\/\/agencehit.fr\/app\/uploads\/2026\/01\/Ludo-Noir-et-blanc-1-300x300.png 300w, https:\/\/agencehit.fr\/app\/uploads\/2026\/01\/Ludo-Noir-et-blanc-1-150x150.png 150w, https:\/\/agencehit.fr\/app\/uploads\/2026\/01\/Ludo-Noir-et-blanc-1-768x768.png 768w\" sizes=\"(max-width: 960px) 100vw, 960px\" \/>\t\t\t\t\t\t\t\t\t\t\t\t\t\t\t<\/div>\n\t\t\t\t<div class=\"elementor-element elementor-element-bf89e8e elementor-widget elementor-widget-image\" data-id=\"bf89e8e\" data-element_type=\"widget\" data-widget_type=\"image.default\">\n\t\t\t\t\t\t\t\t\t\t\t\t\t\t\t<img loading=\"lazy\" decoding=\"async\" width=\"960\" height=\"960\" src=\"https:\/\/agencehit.fr\/app\/uploads\/2026\/01\/Jacques-Noir-et-blanc-1.png\" class=\"attachment-large size-large wp-image-1280\" alt=\"\" srcset=\"https:\/\/agencehit.fr\/app\/uploads\/2026\/01\/Jacques-Noir-et-blanc-1.png 1000w, https:\/\/agencehit.fr\/app\/uploads\/2026\/01\/Jacques-Noir-et-blanc-1-300x300.png 300w, https:\/\/agencehit.fr\/app\/uploads\/2026\/01\/Jacques-Noir-et-blanc-1-150x150.png 150w, https:\/\/agencehit.fr\/app\/uploads\/2026\/01\/Jacques-Noir-et-blanc-1-768x768.png 768w\" sizes=\"(max-width: 960px) 100vw, 960px\" \/>\t\t\t\t\t\t\t\t\t\t\t\t\t\t\t<\/div>\n\t\t\t\t<\/div>\n\t\t<div class=\"elementor-element elementor-element-b278f0d e-grid e-con-full e-con e-parent\" data-id=\"b278f0d\" data-element_type=\"container\">\n\t\t\t\t<div class=\"elementor-element elementor-element-be7898a elementor-widget elementor-widget-text-editor\" data-id=\"be7898a\" data-element_type=\"widget\" data-widget_type=\"text-editor.default\">\n\t\t\t\t\t\t\t\t\t<p><strong>Alexandre CANTIN<\/strong><\/p><p><em>Directeur d&rsquo;agence &amp; Associ\u00e9<\/em><\/p><p>Alexandre a pilot\u00e9 les strat\u00e9gies d&rsquo;acquisition de clients pour de grands groupes Fran\u00e7ais avent de se sp\u00e9cialiser dans la transformation num\u00e9rique en B2B.<\/p>\t\t\t\t\t\t\t\t<\/div>\n\t\t\t\t<div class=\"elementor-element elementor-element-104557f elementor-widget elementor-widget-text-editor\" data-id=\"104557f\" data-element_type=\"widget\" data-widget_type=\"text-editor.default\">\n\t\t\t\t\t\t\t\t\t<p><strong>Ludovic DRIN<\/strong><\/p><p><em>Directeur Technique &amp; Associ\u00e9<\/em><\/p><p>Ludovic est \u00e0 l&rsquo;origine de plusieurs applications de gestion qui lui ont permis de travailler pour de grands groupes et des start-up du monde num\u00e9rique.<\/p>\t\t\t\t\t\t\t\t<\/div>\n\t\t\t\t<div class=\"elementor-element elementor-element-2e2ed87 elementor-widget elementor-widget-text-editor\" data-id=\"2e2ed87\" data-element_type=\"widget\" data-widget_type=\"text-editor.default\">\n\t\t\t\t\t\t\t\t\t<p><strong>Jacques SAINT-CAST<\/strong><\/p><p><em>Associ\u00e9 fondateur<\/em><\/p><p>Jacques a dirig\u00e9 pendant pr\u00e8s de 10 ans un des sites h\u00f4teliers de plein air les plus populaires de France avant de se lancer dans l&rsquo;entreprenariat et l&rsquo;investissement.<\/p>\t\t\t\t\t\t\t\t<\/div>\n\t\t\t\t<\/div>\n\t\t<div class=\"elementor-element elementor-element-8273cb1 e-flex e-con-boxed e-con e-parent\" data-id=\"8273cb1\" data-element_type=\"container\">\n\t\t\t\t\t<div class=\"e-con-inner\">\n\t\t\t\t<div class=\"elementor-element elementor-element-789a9e8 elementor-align-center elementor-widget elementor-widget-button\" data-id=\"789a9e8\" data-element_type=\"widget\" data-widget_type=\"button.default\">\n\t\t\t\t\t\t\t\t\t\t<a class=\"elementor-button elementor-button-link elementor-size-sm\" href=\"https:\/\/147645267.hs-sites-eu1.com\/contact\">\n\t\t\t\t\t\t<span class=\"elementor-button-content-wrapper\">\n\t\t\t\t\t\t\t\t\t<span class=\"elementor-button-text\">Nous rencontrer<\/span>\n\t\t\t\t\t<\/span>\n\t\t\t\t\t<\/a>\n\t\t\t\t\t\t\t\t<\/div>\n\t\t\t\t\t<\/div>\n\t\t\t\t<\/div>\n\t\t<div class=\"elementor-element elementor-element-b0dacb0 e-con-full e-flex e-con e-parent\" data-id=\"b0dacb0\" data-element_type=\"container\" data-settings=\"{&quot;background_background&quot;:&quot;classic&quot;}\">\n\t\t\t\t<\/div>\n\t\t<div class=\"elementor-element elementor-element-b86eee4 e-flex e-con-boxed e-con e-parent\" data-id=\"b86eee4\" data-element_type=\"container\">\n\t\t\t\t\t<div class=\"e-con-inner\">\n\t\t\t\t<div class=\"elementor-element elementor-element-7ecc9d7 elementor-widget elementor-widget-image\" data-id=\"7ecc9d7\" data-element_type=\"widget\" data-widget_type=\"image.default\">\n\t\t\t\t\t\t\t\t\t\t\t\t\t\t\t<img loading=\"lazy\" decoding=\"async\" width=\"300\" height=\"300\" src=\"https:\/\/agencehit.fr\/app\/uploads\/2026\/01\/Logo-Agence-HIT-fond-bleu-ardoise-300x300.png\" class=\"attachment-medium size-medium wp-image-20\" alt=\"\" srcset=\"https:\/\/agencehit.fr\/app\/uploads\/2026\/01\/Logo-Agence-HIT-fond-bleu-ardoise-300x300.png 300w, https:\/\/agencehit.fr\/app\/uploads\/2026\/01\/Logo-Agence-HIT-fond-bleu-ardoise-150x150.png 150w, https:\/\/agencehit.fr\/app\/uploads\/2026\/01\/Logo-Agence-HIT-fond-bleu-ardoise.png 500w\" sizes=\"(max-width: 300px) 100vw, 300px\" \/>\t\t\t\t\t\t\t\t\t\t\t\t\t\t\t<\/div>\n\t\t\t\t\t<\/div>\n\t\t\t\t<\/div>\n\t\t<div class=\"elementor-element elementor-element-b6cdb3a e-flex e-con-boxed e-con e-parent\" data-id=\"b6cdb3a\" data-element_type=\"container\" data-settings=\"{&quot;background_background&quot;:&quot;classic&quot;}\">\n\t\t\t\t\t<div class=\"e-con-inner\">\n\t\t\t\t<div class=\"elementor-element elementor-element-263f320 elementor-widget elementor-widget-text-editor\" data-id=\"263f320\" data-element_type=\"widget\" data-widget_type=\"text-editor.default\">\n\t\t\t\t\t\t\t\t\t<div style=\"text-align: center;\">\u00a9 2026. Tous droits r\u00e9serv\u00e9s &#8211; <a href=\"https:\/\/agencehit.fr\/?page_id=3\">Politique de confidentialit\u00e9<\/a><\/div>\t\t\t\t\t\t\t\t<\/div>\n\t\t\t\t\t<\/div>\n\t\t\t\t<\/div>\n\t\t\t\t<\/div>\n\t\t","protected":false},"excerpt":{"rendered":"<p>Optimisez votre taux d&rsquo;occupation, suivez vos prix et augmentez vos marges. Notre \u00e9quipe vous accompagne sur votre challenge quotidien gr\u00e2ce \u00e0 un mix innovant de la technologie, de l&rsquo;expertise du marketing et la connaissance du monde de l&rsquo;h\u00f4tellerie. Un outil unique pour suivre vos r\u00e9servations et mieux g\u00e9rer vos prix. Gr\u00e2ce \u00e0 une connexion simple [&hellip;]<\/p>\n","protected":false},"author":1,"featured_media":0,"parent":0,"menu_order":1,"comment_status":"closed","ping_status":"closed","template":"","meta":{"footnotes":""},"class_list":["post-2","page","type-page","status-publish","hentry"],"_links":{"self":[{"href":"https:\/\/agencehit.fr\/index.php?rest_route=\/wp\/v2\/pages\/2","targetHints":{"allow":["GET"]}}],"collection":[{"href":"https:\/\/agencehit.fr\/index.php?rest_route=\/wp\/v2\/pages"}],"about":[{"href":"https:\/\/agencehit.fr\/index.php?rest_route=\/wp\/v2\/types\/page"}],"author":[{"embeddable":true,"href":"https:\/\/agencehit.fr\/index.php?rest_route=\/wp\/v2\/users\/1"}],"replies":[{"embeddable":true,"href":"https:\/\/agencehit.fr\/index.php?rest_route=%2Fwp%2Fv2%2Fcomments&post=2"}],"version-history":[{"count":28,"href":"https:\/\/agencehit.fr\/index.php?rest_route=\/wp\/v2\/pages\/2\/revisions"}],"predecessor-version":[{"id":1295,"href":"https:\/\/agencehit.fr\/index.php?rest_route=\/wp\/v2\/pages\/2\/revisions\/1295"}],"wp:attachment":[{"href":"https:\/\/agencehit.fr\/index.php?rest_route=%2Fwp%2Fv2%2Fmedia&parent=2"}],"curies":[{"name":"wp","href":"https:\/\/api.w.org\/{rel}","templated":true}]}}